{"id":1576,"date":"2017-11-09T11:33:36","date_gmt":"2017-11-09T10:33:36","guid":{"rendered":"http:\/\/www.muzeum.diecezja.org\/muzeum\/?page_id=1576"},"modified":"2022-03-02T13:23:24","modified_gmt":"2022-03-02T12:23:24","slug":"muzea-diecezjalne-w-polsce-zapraszaja","status":"publish","type":"page","link":"http:\/\/www.muzeum.diecezja.org\/muzeum\/muzea-diecezjalne-w-polsce-zapraszaja\/","title":{"rendered":"Muzea Diecezjalne w Polsce zapraszaj\u0105"},"content":{"rendered":"<p>Szanowni Pa\u0144stwo, zach\u0119camy do zwiedzania Muzea Diecezjalne w Polsce:<\/p>\n<p><strong><a href=\"http:\/\/http:\/\/muzeum.diecezja.opole.pl\/\">Muzeum Diecezjalne w Opolu <\/a><\/strong><\/p>\n<p><strong><a href=\"http:\/\/muzeum.siedlce.pl\/\">Muzeum Diecezjalne w Siedlcach<\/a><\/strong><\/p>\n<p><a href=\"http:\/\/muzeum.diecezja.tarnow.pl\/\"><strong>Muzeum Diecezjalne\u00a0w Tarnowie<\/strong><\/a><\/p>\n<p><a href=\"https:\/\/www.domdlugosza.sandomierz.org\/\"><strong>Muzeum Diecezjalne w Sandomierzu<\/strong><\/a><\/p>\n<p><a href=\"http:\/\/kl2.h2.pl\/muzeum\/\"><strong>Muzeum Diecezjalne w Kielcach<\/strong><\/a><\/p>\n<p><a href=\"http:\/\/muzeum.diecezja.wloclawek.pl\/\"><strong>Muzeum Diecezjalne w W\u0142oc\u0142awku<\/strong><\/a><\/p>\n<p><a href=\"http:\/\/www.muzeum.archidiecezja.wroc.pl\/\"><strong>Muzeum Archidiecezjalne w Wroc\u0142awiu<\/strong><\/a><\/p>\n<p><a href=\"http:\/\/www.muzeumdiecezjalne.home.pl\/\"><strong>Muzeum Diecezjalne w \u0141om\u017cy<\/strong><\/a><\/p>\n<p><a href=\"http:\/\/www.muzeum.poznan.pl\/\"><strong>Muzeum Archidiecezjalne w Poznaniu<\/strong><\/a><\/p>\n<p><a href=\"http:\/\/www.muzeum.przemyska.pl\/\"><strong>Muzeum Archidiecezjalne w Przemy\u015blu<\/strong><\/a><\/p>\n<p><a href=\"http:\/\/www.mdplock.pl\/\"><strong>Muzeum Diecezjalne w P\u0142ocku<\/strong><\/a><\/p>\n<p><a href=\"http:\/\/maw.art.pl\/\"><strong>Muzeum Archidiecezjalne w Warszawie<\/strong><\/a><\/p>\n<p><a href=\"http:\/\/www.muzeumkra.diecezja.pl\/\"><strong>Muzeum Archidiecezjalne w Krakowie<\/strong><\/a><\/p>\n<p><a href=\"http:\/\/www.muzeumdiecezjalne.torun.pl\/\"><strong>Muzeum Diecezjalne w Toruniu<\/strong><\/a><\/p>\n<p><a href=\"http:\/\/muzeum.diecezja.lowicz.pl\/\"><strong>Muzeum Diecezjalne w \u0141owiczu<\/strong><\/a><\/p>\n<p><a href=\"http:\/\/colubrega.pl\/museum\/\"><strong>Muzeum Diecezji Koszali\u0144sko-Ko\u0142obrzeskiej<\/strong><\/a><\/p>\n<p><strong><a href=\"http:\/\/muzeumag.com\/\">Muzeum Archidiecezjalne w Gnie\u017cnie<\/a><\/strong><\/p>\n<p><a href=\"http:\/\/www.muzeum.archidiecezjakatowicka.com.pl\/\"><strong>Muzeum Archidiecezjalne w Katowicach<\/strong><\/a><\/p>\n<p><a href=\"http:\/\/archidiecezja.lodz.pl\/muzeum\/historia.htm\"><strong>Muzeum Archidiecezjalne w \u0141odzi<\/strong><\/a><\/p>\n<p><a href=\"http:\/\/www.archikatedraoliwa.pl\/zabytki-4157\/muzeum-archidiecezjalne-4162\"><strong>Muzeum Archidiecezjalne w Gda\u0144sku<\/strong><\/a><\/p>\n<p>&nbsp;<\/p>\n","protected":false},"excerpt":{"rendered":"<p>Szanowni Pa\u0144stwo, zach\u0119camy do zwiedzania Muzea Diecezjalne w Polsce: Muzeum Diecezjalne w Opolu Muzeum Diecezjalne w Siedlcach Muzeum Diecezjalne\u00a0w Tarnowie Muzeum Diecezjalne w Sandomierzu Muzeum Diecezjalne w Kielcach Muzeum Diecezjalne w W\u0142oc\u0142awku Muzeum Archidiecezjalne w Wroc\u0142awiu Muzeum Diecezjalne w \u0141om\u017cy Muzeum Archidiecezjalne w Poznaniu Muzeum Archidiecezjalne w Przemy\u015blu Muzeum Diecezjalne w P\u0142ocku Muzeum Archidiecezjalne w &hellip; <a href=\"http:\/\/www.muzeum.diecezja.org\/muzeum\/muzea-diecezjalne-w-polsce-zapraszaja\/\" class=\"more-link\">Czytaj dalej <span class=\"screen-reader-text\">Muzea Diecezjalne w Polsce zapraszaj\u0105<\/span><\/a><\/p>\n","protected":false},"author":1,"featured_media":0,"parent":0,"menu_order":0,"comment_status":"closed","ping_status":"closed","template":"","meta":[],"_links":{"self":[{"href":"http:\/\/www.muzeum.diecezja.org\/muzeum\/wp-json\/wp\/v2\/pages\/1576"}],"collection":[{"href":"http:\/\/www.muzeum.diecezja.org\/muzeum\/wp-json\/wp\/v2\/pages"}],"about":[{"href":"http:\/\/www.muzeum.diecezja.org\/muzeum\/wp-json\/wp\/v2\/types\/page"}],"author":[{"embeddable":true,"href":"http:\/\/www.muzeum.diecezja.org\/muzeum\/wp-json\/wp\/v2\/users\/1"}],"replies":[{"embeddable":true,"href":"http:\/\/www.muzeum.diecezja.org\/muzeum\/wp-json\/wp\/v2\/comments?post=1576"}],"version-history":[{"count":5,"href":"http:\/\/www.muzeum.diecezja.org\/muzeum\/wp-json\/wp\/v2\/pages\/1576\/revisions"}],"predecessor-version":[{"id":1612,"href":"http:\/\/www.muzeum.diecezja.org\/muzeum\/wp-json\/wp\/v2\/pages\/1576\/revisions\/1612"}],"wp:attachment":[{"href":"http:\/\/www.muzeum.diecezja.org\/muzeum\/wp-json\/wp\/v2\/media?parent=1576"}],"curies":[{"name":"wp","href":"https:\/\/api.w.org\/{rel}","templated":true}]}}